{"id":511,"date":"2026-03-04T09:04:09","date_gmt":"2026-03-04T09:04:09","guid":{"rendered":"https:\/\/www.kronprinz.de\/?page_id=511"},"modified":"2026-03-04T09:22:45","modified_gmt":"2026-03-04T09:22:45","slug":"news","status":"publish","type":"page","link":"https:\/\/www.kronprinz.de\/en\/news\/","title":{"rendered":"News"},"content":{"rendered":"<hr class=\"wp-block-separator has-alpha-channel-opacity\"\/>\n\n\n\n<p class=\"has-medium-font-size\"><strong>KRONPRINZ unveils a forged aluminum wheel featuring the company\u2019s new, advanced X-TRA POLISH + surface coating<\/strong><\/p>\n\n\n\n<figure class=\"wp-block-image size-large\"><img loading=\"lazy\" decoding=\"async\" width=\"1024\" height=\"681\" src=\"https:\/\/www.kronprinz.de\/wp-content\/uploads\/2026\/03\/KRONPRINZ_Forged-Aluminum-Wheel-XP-1024x681.jpg\" alt=\"\" class=\"wp-image-521\" srcset=\"https:\/\/www.kronprinz.de\/wp-content\/uploads\/2026\/03\/KRONPRINZ_Forged-Aluminum-Wheel-XP-1024x681.jpg 1024w, https:\/\/www.kronprinz.de\/wp-content\/uploads\/2026\/03\/KRONPRINZ_Forged-Aluminum-Wheel-XP-300x200.jpg 300w, https:\/\/www.kronprinz.de\/wp-content\/uploads\/2026\/03\/KRONPRINZ_Forged-Aluminum-Wheel-XP-768x511.jpg 768w, https:\/\/www.kronprinz.de\/wp-content\/uploads\/2026\/03\/KRONPRINZ_Forged-Aluminum-Wheel-XP-1536x1022.jpg 1536w, https:\/\/www.kronprinz.de\/wp-content\/uploads\/2026\/03\/KRONPRINZ_Forged-Aluminum-Wheel-XP-2048x1363.jpg 2048w, https:\/\/www.kronprinz.de\/wp-content\/uploads\/2026\/03\/KRONPRINZ_Forged-Aluminum-Wheel-XP-18x12.jpg 18w\" sizes=\"auto, (max-width: 1024px) 100vw, 1024px\" \/><\/figure>\n\n\n\n<p class=\"is-style-default has-small-font-size\"><strong>Solingen, Germany - March 04, 2026.<\/strong> <strong>&nbsp;<\/strong>With the launch of KRONPRINZ Germany GmbH in January 2026, Europe\u2019s leading supplier of commercial vehicle wheels successfully introduced forged aluminum wheels in the key 22.5-inch sizes to the European market. The previously available high gloss polished surface X-TRA POLISH (XP) is now complemented by X-TRA POLISH + (XP+), a sealed and easy to clean premium coating.<\/p>\n\n\n\n<div class=\"wp-block-buttons is-layout-flex wp-block-buttons-is-layout-flex\">\n<div class=\"wp-block-button is-style-outline is-style-outline--1\"><a class=\"wp-block-button__link wp-element-button\" href=\"https:\/\/www.kronprinz.de\/wp-content\/uploads\/2026\/03\/260304_KRONPRINZ-Germany_Pressemitteilung_DE.pdf\" target=\"_blank\" rel=\"noreferrer noopener\">Download PM (DE)<\/a><\/div>\n\n\n\n<div class=\"wp-block-button is-style-outline is-style-outline--2\"><a class=\"wp-block-button__link wp-element-button\" href=\"https:\/\/www.kronprinz.de\/wp-content\/uploads\/2026\/03\/260304_KRONPRINZ-Germany_Press-Release_EN.pdf\" target=\"_blank\" rel=\"noreferrer noopener\">Download PR (EN)<\/a><\/div>\n<\/div>\n\n\n\n<hr class=\"wp-block-separator has-alpha-channel-opacity\"\/>\n\n\n\n<p><\/p>","protected":false},"excerpt":{"rendered":"<p>KRONPRINZ pr\u00e4sentiert Aluminiumschmiederad mit neuartiger Oberfl\u00e4chenbeschichtung X-TRA POLISH + Solingen, 04. M\u00e4rz 2026. &nbsp;Mit Start der KRONPRINZ Germany GmbH im Januar 2026 hat Europas f\u00fchrender Lieferant f\u00fcr Nutzfahrzeugr\u00e4der Aluminiumschmieder\u00e4der in den Hauptgr\u00f6\u00dfen 22,5\u201c erfolgreich im europ\u00e4ischen Markt eingef\u00fchrt. Die bisher verf\u00fcgbare hochgl\u00e4nzende polierte Oberfl\u00e4che X-TRA POLISH (XP) wird um eine versiegelnde und zudem leicht zu [&hellip;]<\/p>\n","protected":false},"author":3,"featured_media":0,"parent":0,"menu_order":0,"comment_status":"closed","ping_status":"closed","template":"","meta":{"footnotes":""},"class_list":["post-511","page","type-page","status-publish","hentry"],"_links":{"self":[{"href":"https:\/\/www.kronprinz.de\/en\/wp-json\/wp\/v2\/pages\/511","targetHints":{"allow":["GET"]}}],"collection":[{"href":"https:\/\/www.kronprinz.de\/en\/wp-json\/wp\/v2\/pages"}],"about":[{"href":"https:\/\/www.kronprinz.de\/en\/wp-json\/wp\/v2\/types\/page"}],"author":[{"embeddable":true,"href":"https:\/\/www.kronprinz.de\/en\/wp-json\/wp\/v2\/users\/3"}],"replies":[{"embeddable":true,"href":"https:\/\/www.kronprinz.de\/en\/wp-json\/wp\/v2\/comments?post=511"}],"version-history":[{"count":10,"href":"https:\/\/www.kronprinz.de\/en\/wp-json\/wp\/v2\/pages\/511\/revisions"}],"predecessor-version":[{"id":528,"href":"https:\/\/www.kronprinz.de\/en\/wp-json\/wp\/v2\/pages\/511\/revisions\/528"}],"wp:attachment":[{"href":"https:\/\/www.kronprinz.de\/en\/wp-json\/wp\/v2\/media?parent=511"}],"curies":[{"name":"wp","href":"https:\/\/api.w.org\/{rel}","templated":true}]}}