{"id":200,"date":"2025-07-11T11:00:14","date_gmt":"2025-07-11T11:00:14","guid":{"rendered":"http:\/\/accuridecorp.de\/?page_id=200"},"modified":"2026-01-12T13:57:20","modified_gmt":"2026-01-12T13:57:20","slug":"datenschutz","status":"publish","type":"page","link":"https:\/\/www.kronprinz.de\/en\/datenschutz\/","title":{"rendered":"Privacy Policy"},"content":{"rendered":"\n<hr class=\"wp-block-separator has-alpha-channel-opacity\"\/>\n\n\n\n<p class=\"is-style-default has-contrast-color has-text-color has-link-color has-small-font-size wp-elements-fbbff69fc345274d94185788935a71fc\">Die KRONPRINZ Germany GmbH  nimmt den Schutz Ihrer pers\u00f6nlichen Daten ernst und folgt den Vorgaben der europ\u00e4ischen Datenschutzgrundverordnung (DSGVO). Personenbezogene Daten werden auf dieser Webseite im technisch notwendigen Umfang erhoben, um dem Unternehmen einen \u00dcberblick zu verschaffen, welche der Inhalte f\u00fcr Sie besonders interessant sind. In keinem Fall werden die erhobenen Daten verkauft oder aus anderen Gr\u00fcnden ohne Ihr Einverst\u00e4ndnis an Dritte weitergegeben. Die technisch nicht notwendige Verarbeitung von anonymisierten Daten k\u00f6nnen Sie selbst verhindern &#8211; mehr dazu weiter unten.<\/p>\n\n\n\n<p class=\"has-contrast-color has-text-color has-link-color has-medium-font-size wp-elements-3831e516ebe45e0b3140226c5b9b829c\"><strong>Verantwortliche Stelle \/ Datenschutzbeauftragter:<\/strong><\/p>\n\n\n\n<p class=\"has-contrast-color has-text-color has-link-color has-small-font-size wp-elements-89c0284feb35f70a7500c61d93ada264\">F\u00fcr alle Fragen zum Thema Datenschutz im Zusammenhang mit unseren Produkten oder der Nutzung unserer Website k\u00f6nnen Sie sich jederzeit auch an unseren Datenschutzbeauftragten wenden. Dieser ist unter folgender Adresse postalisch erreichbar: ISiCO GmbH, Am Hamburger Bahnhof 4, 10557 Berlin. Ferner k\u00f6nnen Sie den Datenschutzbeauftragten auch unter der folgenden E-Mail-Adresse erreichen: datenschutz[at]kronprinz.de (Stichwort: \u201ez. Hd. Datenschutzbeauftragte\/r\u201c). Wir weisen ausdr\u00fccklich darauf hin, dass bei Nutzung dieser E-Mail-Adresse die Inhalte nicht ausschlie\u00dflich von unserem&nbsp;Datenschutzbeauftragten zur Kenntnis genommen werden. Wenn Sie vertrauliche Informationen austauschen m\u00f6chten, bitten wir Sie daher zun\u00e4chst \u00fcber diese E-Mail-Adresse um direkte Kontaktaufnahme.<\/p>\n\n\n\n<p class=\"has-contrast-color has-text-color has-link-color has-medium-font-size wp-elements-25988a5c1e1d637132a2999471009ec4\"><strong>Recht auf Auskunft, Korrektur, L\u00f6schung und \u00dcbertragbarkeit Ihrer Daten:<\/strong><\/p>\n\n\n\n<p class=\"has-contrast-color has-text-color has-link-color has-small-font-size wp-elements-95a0432cad6f4413ded6255a40942da9\">Sie haben das Recht, von der KRONPRINZ Germany GmbH zu erfahren, welche Daten von Ihnen auf dieser Internetseite verarbeitet werden (Art. 15 DSGVO). Sollten diese Daten nicht korrekt sein, haben Sie das Recht auf deren Korrektur (Art. 16 DSGVO). Des Weiteren haben Sie das Recht, die L\u00f6schung Ihrer Daten zu verlangen (Art. 17 DSGVO), deren Verarbeitung einzuschr\u00e4nken (Art. 18 DSGVO) sowie auf die Bereitsstellung Ihrer Daten f\u00fcr andere, die sogenannte &#8222;Daten\u00fcbertragbarkeit&#8220; (Art. 20 DSGVO).<\/p>\n\n\n\n<p class=\"has-contrast-color has-text-color has-link-color has-medium-font-size wp-elements-41b8b34213fa7e7174f9dc2c9e879b58\"><strong>Widerspruchs- und Beschwerderecht:<\/strong><\/p>\n\n\n\n<p class=\"has-contrast-color has-text-color has-link-color has-small-font-size wp-elements-59dbf44d080f5891f1f6f45cf615cebc\">Sie haben das Recht jederzeit gegen die Verarbeitung Ihrer personenbezogenen Daten Widerspruch einzulegen (Art. 21 DSGVO). Der Widerspruch kann formfrei an die KRONPRINZ Germany GmbH  erfolgen. Bitte nutzen Sie daf\u00fcr die Kontaktm\u00f6glichkeiten, die oben unter &#8222;Verantwortliche Stelle&#8220; angegeben sind.<\/p>\n\n\n\n<p class=\"has-contrast-color has-text-color has-link-color has-medium-font-size wp-elements-9d70f7fa27472eb38d90f9c23c125ee7\"><strong>Verarbeitungszwecke:<\/strong><\/p>\n\n\n\n<p class=\"has-contrast-color has-text-color has-link-color has-small-font-size wp-elements-93519987af7c8afb7c9fc58324a9c06d\">Wenn Sie \u00fcber die auf dieser Seite angebotenen E-Mail-Adressen mit uns in Kontakt treten, erhalten wir personenbezogene Daten von Ihnen in Form Ihrer eigenen E-Mail-Adresse. Diese nutzen wir ausschlie\u00dflich, um mit Ihnen zu kommunizieren und Sie zu informieren.<\/p>\n\n\n\n<p class=\"has-contrast-color has-text-color has-link-color has-medium-font-size wp-elements-c90f7878e9516647ef96c9be388720f9\"><strong>Technisch notwendige Speicherung von Informationen bei Nutzung der Internetseite:<\/strong><\/p>\n\n\n\n<p class=\"has-contrast-color has-text-color has-link-color has-small-font-size wp-elements-693a1bee79b5215411109ace3f9894b1\">Das Content Management System speichert automatisch in den Server Log Files Informationen, die Ihr Browser an uns \u00fcbermittelt. Dies sind:<\/p>\n\n\n\n<ul class=\"wp-block-list\">\n<li class=\"has-contrast-color has-text-color has-link-color has-small-font-size wp-elements-ce557a548a66ac67d5bf2944c0bbdc0d\">Browsertyp\/ -version<\/li>\n\n\n\n<li class=\"has-contrast-color has-text-color has-link-color has-small-font-size wp-elements-48d06ca22def38cc004eb043c76dd160\">verwendetes Betriebssystem<\/li>\n\n\n\n<li class=\"has-contrast-color has-text-color has-link-color has-small-font-size wp-elements-46435a347e932c29a13888702e9c1e8b\">Referrer URL (die zuvor besuchte Seite)<\/li>\n\n\n\n<li class=\"has-contrast-color has-text-color has-link-color has-small-font-size wp-elements-a96e56bf1dfac3995d26abdf73b105f4\">Hostname des zugreifenden Rechners (IP Adresse)<\/li>\n\n\n\n<li class=\"has-contrast-color has-text-color has-link-color has-small-font-size wp-elements-008f234bd1f6040b364d67e0e30c5ae8\">Uhrzeit der Serveranfrage<\/li>\n<\/ul>\n\n\n\n<p class=\"has-contrast-color has-text-color has-link-color has-small-font-size wp-elements-0f945de6c02f4042ae3ae0c368f970bd\">Diese Daten sind f\u00fcr die KRONPRINZ Germany GmbH  nicht bestimmten Personen zuzuordnen. Eine Zusammenf\u00fchrung dieser Daten mit anderen Datenquellen wird nicht vorgenommen, die Daten werden zudem nach einer statistischen Auswertung gel\u00f6scht.<\/p>\n\n\n\n<p class=\"has-contrast-color has-text-color has-link-color has-medium-font-size wp-elements-a723f06204d5c77cd27b3b48b2799a50\"><strong>Technisch notwendige Cookies:<\/strong><\/p>\n\n\n\n<p class=\"has-contrast-color has-text-color has-link-color has-small-font-size wp-elements-4eff91d8b3c5cd5c134a6dc27c4542e2\">Die Internetseiten verwenden zum Teil Cookies. Sie dienen dazu, unser Angebot nutzerfreundlicher, effektiver und sicherer zu machen. Cookies sind kleine Textdateien, die auf Ihrem Rechner abgelegt werden und die Ihr Browser speichert. Die meisten der von uns verwendeten Cookies sind so genannte \u201eSession-Cookies\u201c. Sie werden nach Ende Ihres Besuchs automatisch gel\u00f6scht. Cookies richten auf Ihrem Rechner keinen Schaden an und enthalten keine Viren.<\/p>\n\n\n\n<p class=\"has-small-font-size\">Weitere Informationen finden Sie auch in der <a href=\"https:\/\/www.kronprinz.de\/cookie-richtlinie-eu\/\" data-type=\"link\" data-id=\"https:\/\/www.kronprinz.de\/cookie-richtlinie-eu\/\">Cookie-Richtlinie (EU)<\/a>.<\/p>\n\n\n\n<hr class=\"wp-block-separator has-alpha-channel-opacity\"\/>\n\n\n\n<p><\/p>\n","protected":false},"excerpt":{"rendered":"<p>Die KRONPRINZ Germany GmbH nimmt den Schutz Ihrer pers\u00f6nlichen Daten ernst und folgt den Vorgaben der europ\u00e4ischen Datenschutzgrundverordnung (DSGVO). Personenbezogene Daten werden auf dieser Webseite im technisch notwendigen Umfang erhoben, um dem Unternehmen einen \u00dcberblick zu verschaffen, welche der Inhalte f\u00fcr Sie besonders interessant sind. In keinem Fall werden die erhobenen Daten verkauft oder aus [&hellip;]<\/p>\n","protected":false},"author":1,"featured_media":0,"parent":0,"menu_order":0,"comment_status":"closed","ping_status":"closed","template":"","meta":{"footnotes":""},"class_list":["post-200","page","type-page","status-publish","hentry"],"_links":{"self":[{"href":"https:\/\/www.kronprinz.de\/en\/wp-json\/wp\/v2\/pages\/200","targetHints":{"allow":["GET"]}}],"collection":[{"href":"https:\/\/www.kronprinz.de\/en\/wp-json\/wp\/v2\/pages"}],"about":[{"href":"https:\/\/www.kronprinz.de\/en\/wp-json\/wp\/v2\/types\/page"}],"author":[{"embeddable":true,"href":"https:\/\/www.kronprinz.de\/en\/wp-json\/wp\/v2\/users\/1"}],"replies":[{"embeddable":true,"href":"https:\/\/www.kronprinz.de\/en\/wp-json\/wp\/v2\/comments?post=200"}],"version-history":[{"count":17,"href":"https:\/\/www.kronprinz.de\/en\/wp-json\/wp\/v2\/pages\/200\/revisions"}],"predecessor-version":[{"id":464,"href":"https:\/\/www.kronprinz.de\/en\/wp-json\/wp\/v2\/pages\/200\/revisions\/464"}],"wp:attachment":[{"href":"https:\/\/www.kronprinz.de\/en\/wp-json\/wp\/v2\/media?parent=200"}],"curies":[{"name":"wp","href":"https:\/\/api.w.org\/{rel}","templated":true}]}}