{"id":10,"date":"2025-07-04T08:08:51","date_gmt":"2025-07-04T08:08:51","guid":{"rendered":"http:\/\/accuridecorp.de\/?page_id=10"},"modified":"2026-03-06T06:58:49","modified_gmt":"2026-03-06T06:58:49","slug":"impressum","status":"publish","type":"page","link":"https:\/\/www.kronprinz.de\/en\/impressum\/","title":{"rendered":"Imprint"},"content":{"rendered":"\n<hr class=\"wp-block-separator has-alpha-channel-opacity\"\/>\n\n\n\n<p class=\"has-contrast-color has-text-color has-link-color has-small-font-size wp-elements-e4488a1cd552c41a5d9cafaeb29cf36f\">KRONPRINZ Germany GmbH <br>Weyerstrasse 112-114<br>42697 Solingen<\/p>\n\n\n\n<p class=\"has-contrast-color has-text-color has-link-color has-small-font-size wp-elements-f3190374f342004f76aeea2b193aa070\">Telefon: +49 (0) 212 7011<br>Mail: info[at]kronprinz.de<br>Internet: www.kronprinz.de<\/p>\n\n\n\n<p class=\"has-contrast-color has-text-color has-link-color has-small-font-size wp-elements-4586f42f157158d63580608d0b744de6\">Gesch\u00e4ftsf\u00fchrer: Alexander John (CEO)<br>Sitz: Solingen<br>Handelsregister: Wuppertal HRB 36314<br>USt-ID: DE 457972650<\/p>\n\n\n\n<p class=\"has-contrast-color has-text-color has-link-color has-small-font-size wp-elements-071dee10c26bdae5bb822ea1902e71f2\">Verantwortliche Person f\u00fcr die redaktionellen Inhalte dieser Seite gem. \u00a7 18 Abs. 2 MStV ist:<br><br>Sebastian Bednarz<br>KRONPRINZ Germany GmbH <br>Weyerstrasse 112-114<br>42697 Solingen<br>Mail: SocialMedia[at]kronprinz.de<\/p>\n\n\n\n<p class=\"has-contrast-color has-text-color has-link-color has-medium-font-size wp-elements-e1ac2995e9b6520f1ae837a1e6050780\"><strong>Streitschlichtung<\/strong><\/p>\n\n\n\n<p class=\"has-contrast-color has-text-color has-link-color has-small-font-size wp-elements-32de51b54d9418fd35f38aa25c5804ef\">Wir sind nicht bereit oder verpflichtet, an Streitbeilegungsverfahren vor einer Verbraucherschlichtungsstelle teilzunehmen.&nbsp;<\/p>\n\n\n\n<p class=\"has-contrast-color has-text-color has-link-color has-medium-font-size wp-elements-0be66b1dac96b92530a1ee6843aff4a5\"><strong>Haftungshinweis<\/strong><\/p>\n\n\n\n<p class=\"has-contrast-color has-text-color has-link-color has-small-font-size wp-elements-554a6e43dc9a073d5d7c32655b08a89c\">Alle Inhalte auf unserer Website haben wir sorgf\u00e4ltig zusammengestellt und gepr\u00fcft. Trotz aller Sorgfalt kann eine Haftung oder Garantie f\u00fcr die Richtigkeit, Vollst\u00e4ndigkeit und Aktualit\u00e4t der Daten nicht \u00fcbernommen werden. Dies gilt auch f\u00fcr alle anderen Websites, auf die mit Hyperlinks verwiesen wird. Wir sind f\u00fcr den Inhalt der Websites, die aufgrund einer solchen Verbindung erreicht werden, nicht verantwortlich. Wir behalten uns das Recht vor, Aktualisierungen, \u00c4nderungen oder Erg\u00e4nzungen an den bereitgestellten Informationen und Daten vorzunehmen.<\/p>\n\n\n\n<p class=\"has-contrast-color has-text-color has-link-color has-medium-font-size wp-elements-c779571a0def39bb6de68fd1c261ddd7\"><strong>Copyright<\/strong><\/p>\n\n\n\n<p class=\"has-contrast-color has-text-color has-link-color has-small-font-size wp-elements-dfc86504b01f99535f060d3b38e6d0c0\">Struktur und Inhalt der Website sind urheberrechtlich durch die KRONPRINZ Germany GmbH gesch\u00fctzt. Die Vervielf\u00e4ltigung von Informationen oder Daten, insbesondere die Verwendung von Texten, Textteilen oder Bildmaterial sowie die Verwendung von Codezeilen der Website bedarf unserer vorherigen Zustimmung.<\/p>\n\n\n\n<p class=\"has-contrast-color has-text-color has-link-color has-medium-font-size wp-elements-57e71f37eb273530882377a8065688c8\"><strong>Urheberrechte<\/strong><\/p>\n\n\n\n<p class=\"has-contrast-color has-text-color has-link-color has-small-font-size wp-elements-0512ef74e2b1bddafdb0c9d8f402d58e\">S\u00e4mtliche Bilder, Videosequenzen, Tondokumente, Texte und\/oder graphischen Gestaltungen auf der Website sind urheberrechtlich gesch\u00fctzt. Jedwede Nutzung von Inhalten dieser Homepage oder von Teilen dieser bedarf der ausdr\u00fccklichen schriftlichen Genehmigung durch die KRONPRINZ Germany GmbH und gegebenenfalls weiterer Rechteinhaber.<\/p>\n\n\n\n<hr class=\"wp-block-separator has-alpha-channel-opacity\"\/>\n","protected":false},"excerpt":{"rendered":"<p>KRONPRINZ Germany GmbH Weyerstrasse 112-11442697 Solingen Telefon: +49 (0) 212 7011Mail: info[at]kronprinz.deInternet: www.kronprinz.de Gesch\u00e4ftsf\u00fchrer: Alexander John (CEO)Sitz: SolingenHandelsregister: Wuppertal HRB 36314USt-ID: DE 457972650 Verantwortliche Person f\u00fcr die redaktionellen Inhalte dieser Seite gem. \u00a7 18 Abs. 2 MStV ist: Sebastian BednarzKRONPRINZ Germany GmbH Weyerstrasse 112-11442697 SolingenMail: SocialMedia[at]kronprinz.de Streitschlichtung Wir sind nicht bereit oder verpflichtet, an Streitbeilegungsverfahren [&hellip;]<\/p>\n","protected":false},"author":1,"featured_media":0,"parent":0,"menu_order":0,"comment_status":"closed","ping_status":"closed","template":"","meta":{"footnotes":""},"class_list":["post-10","page","type-page","status-publish","hentry"],"_links":{"self":[{"href":"https:\/\/www.kronprinz.de\/en\/wp-json\/wp\/v2\/pages\/10","targetHints":{"allow":["GET"]}}],"collection":[{"href":"https:\/\/www.kronprinz.de\/en\/wp-json\/wp\/v2\/pages"}],"about":[{"href":"https:\/\/www.kronprinz.de\/en\/wp-json\/wp\/v2\/types\/page"}],"author":[{"embeddable":true,"href":"https:\/\/www.kronprinz.de\/en\/wp-json\/wp\/v2\/users\/1"}],"replies":[{"embeddable":true,"href":"https:\/\/www.kronprinz.de\/en\/wp-json\/wp\/v2\/comments?post=10"}],"version-history":[{"count":21,"href":"https:\/\/www.kronprinz.de\/en\/wp-json\/wp\/v2\/pages\/10\/revisions"}],"predecessor-version":[{"id":534,"href":"https:\/\/www.kronprinz.de\/en\/wp-json\/wp\/v2\/pages\/10\/revisions\/534"}],"wp:attachment":[{"href":"https:\/\/www.kronprinz.de\/en\/wp-json\/wp\/v2\/media?parent=10"}],"curies":[{"name":"wp","href":"https:\/\/api.w.org\/{rel}","templated":true}]}}